    {"id":10,"date":"2025-10-08T18:56:13","date_gmt":"2025-10-08T18:56:13","guid":{"rendered":"https:\/\/betherz.com\/?page_id=10"},"modified":"2025-10-08T18:57:02","modified_gmt":"2025-10-08T18:57:02","slug":"about-us","status":"publish","type":"page","link":"https:\/\/betherz.com\/fr\/about-us\/","title":{"rendered":"\u00c0 propos de nous"},"content":{"rendered":"<p><strong>Betherz<\/strong> est votre destination de choix pour d\u00e9couvrir l&#039;univers du divertissement num\u00e9rique et des applications mobiles en toute clart\u00e9 et confiance. Nous vous proposons des analyses approfondies des applications tendance, des plateformes de divertissement et des technologies \u00e9mergentes, ainsi que des tests, des comparatifs et des guides pratiques r\u00e9guli\u00e8rement mis \u00e0 jour pour vous aider \u00e0 faire des choix num\u00e9riques plus judicieux.<\/p>\n\n\n\n<p>Dans un paysage technologique en constante \u00e9volution, il est facile de se sentir perdu parmi les innombrables applications et plateformes en ligne. C&#039;est l\u00e0 que\u2026 <strong>Betherz<\/strong> Nous simplifions les sujets complexes \u2014 des fonctionnalit\u00e9s des applications et des tendances du divertissement \u00e0 la s\u00e9curit\u00e9 et \u00e0 l&#039;ergonomie \u2014 pour que vous puissiez profiter d&#039;une technologie qui apporte r\u00e9ellement de la valeur \u00e0 votre vie.<\/p>\n\n\n\n<p>Pendant que nous explorons les produits et les exp\u00e9riences des principaux d\u00e9veloppeurs d&#039;applications et soci\u00e9t\u00e9s de divertissement, il est important de noter que <strong>Betherz<\/strong> Nous ne sommes ni un \u00e9diteur d&#039;applications, ni un studio de d\u00e9veloppement, ni affili\u00e9s aux marques que nous \u00e9valuons. Notre r\u00f4le est d&#039;informer et de donner les moyens d&#039;agir, et non de vendre ou de faire la promotion de nos produits.<\/p>\n\n\n\n<h2 class=\"wp-block-heading\"><strong>Notre mission.<\/strong><\/h2>\n\n\n\n<p>Notre mission est de rendre le monde du divertissement num\u00e9rique plus compr\u00e9hensible, accessible et agr\u00e9able pour tous. Que vous d\u00e9couvriez de nouvelles applications mobiles, exploriez des plateformes de streaming ou recherchiez des outils innovants pour am\u00e9liorer votre exp\u00e9rience, <strong>Betherz<\/strong> vous aide \u00e0 trouver des informations fiables et bien document\u00e9es auxquelles vous pouvez vous fier.<\/p>\n\n\n\n<p>Nous privil\u00e9gions des analyses authentiques et factuelles pour une exp\u00e9rience num\u00e9rique plus pertinente. De l&#039;\u00e9valuation de l&#039;ergonomie des applications et des pratiques de confidentialit\u00e9 \u00e0 l&#039;identification des derni\u00e8res tendances du divertissement en ligne, notre objectif est de vous informer et de vous inspirer, en toute objectivit\u00e9.<\/p>\n\n\n\n<h2 class=\"wp-block-heading\"><strong>Ce que vous trouverez ici.<\/strong><\/h2>\n\n\n\n<p>Nous organisons notre contenu autour de ce qui compte vraiment pour les utilisateurs modernes : des conseils clairs et objectifs pour prendre des d\u00e9cisions \u00e9clair\u00e9es dans le domaine du divertissement num\u00e9rique.<\/p>\n\n\n\n<h3 class=\"wp-block-heading\"><strong>Avis et comparaisons d&#039;applications.<\/strong><\/h3>\n\n\n\n<p>D\u00e9couvrez des \u00e9valuations d\u00e9taill\u00e9es et objectives des applications populaires et des plateformes \u00e9mergentes. Nous analysons leurs performances, leur design et l&#039;exp\u00e9rience utilisateur afin de vous aider \u00e0 choisir celle qui correspond le mieux \u00e0 votre style de vie.<\/p>\n\n\n\n<h3 class=\"wp-block-heading\"><strong>Perspectives du divertissement.<\/strong><\/h3>\n\n\n\n<p>Restez inform\u00e9(e) des derni\u00e8res tendances en mati\u00e8re de divertissement num\u00e9rique, de streaming et de m\u00e9dias interactifs. Notre \u00e9quipe d\u00e9crypte les nouveaut\u00e9s, les changements et les contenus \u00e0 suivre.<\/p>\n\n\n\n<h3 class=\"wp-block-heading\"><strong>Guides et tutoriels.<\/strong><\/h3>\n\n\n\n<p>Que vous g\u00e9riez des abonnements, optimisiez les param\u00e8tres d&#039;applications ou exploriez de nouveaux outils num\u00e9riques, nous vous proposons un accompagnement \u00e9tape par \u00e9tape adapt\u00e9 \u00e0 tous les niveaux d&#039;exp\u00e9rience.<\/p>\n\n\n\n<h3 class=\"wp-block-heading\"><strong>Confidentialit\u00e9 et s\u00e9curit\u00e9 des utilisateurs.<\/strong><\/h3>\n\n\n\n<p>Apprenez \u00e0 naviguer en toute s\u00e9curit\u00e9 sur Internet. Nous mettons en lumi\u00e8re les autorisations des applications, les bonnes pratiques de protection des donn\u00e9es et des conseils pratiques pour vous aider \u00e0 prot\u00e9ger vos informations personnelles tout en profitant de vos contenus pr\u00e9f\u00e9r\u00e9s.<\/p>\n\n\n\n<h2 class=\"wp-block-heading\"><strong>Notre approche.<\/strong><\/h2>\n\n\n\n<p>\u00c0 <strong>Betherz<\/strong>Nous op\u00e9rons en toute ind\u00e9pendance \u00e9ditoriale et dans un souci de transparence. Tous nos articles sont \u00e9labor\u00e9s \u00e0 partir de recherches internes, de tests aupr\u00e8s d&#039;utilisateurs r\u00e9els et de sources v\u00e9rifi\u00e9es. Nous n&#039;acceptons aucun paiement ni incitation pour promouvoir des marques, des produits ou des applications sp\u00e9cifiques.<\/p>\n\n\n\n<p>Nous pensons que le divertissement doit \u00eatre informatif, responsable et \u00e9mancipateur. C&#039;est pourquoi chaque contenu sur <strong>Betherz<\/strong> Ce livre a pour but d&#039;\u00e9duquer, de guider et d&#039;enrichir votre exp\u00e9rience num\u00e9rique, sans exag\u00e9ration inutile ni arri\u00e8re-pens\u00e9es.<\/p>\n\n\n\n<p><strong>Betherz<\/strong> existe pour vous aider \u00e0 naviguer dans le monde num\u00e9rique d&#039;aujourd&#039;hui avec confiance, clart\u00e9 et assurance, car un divertissement de qualit\u00e9 commence par des choix \u00e9clair\u00e9s.<\/p>","protected":false},"excerpt":{"rendered":"<p>Betherz is your go-to destination for discovering the world of digital entertainment and mobile applications with clarity and confidence. We deliver in-depth insights on trending apps, entertainment platforms, and emerging technologies\u2014alongside regularly updated reviews, comparisons, and user-focused guides designed to help you make smarter digital choices. In a fast-evolving tech landscape, it\u2019s easy to feel [&hellip;]<\/p>","protected":false},"author":6,"featured_media":0,"parent":0,"menu_order":0,"comment_status":"closed","ping_status":"closed","template":"","meta":{"footnotes":""},"yoast_head":"<!-- This site is optimized with the Yoast SEO plugin v23.3 - https:\/\/yoast.com\/wordpress\/plugins\/seo\/ -->\n<title>About Us - Betherz<\/title>\n<meta name=\"robots\" content=\"index, follow, max-snippet:-1, max-image-preview:large, max-video-preview:-1\" \/>\n<link rel=\"canonical\" href=\"https:\/\/betherz.com\/fr\/about-us\/\" \/>\n<meta property=\"og:locale\" content=\"fr_FR\" \/>\n<meta property=\"og:type\" content=\"article\" \/>\n<meta property=\"og:title\" content=\"About Us - Betherz\" \/>\n<meta property=\"og:description\" content=\"Betherz is your go-to destination for discovering the world of digital entertainment and mobile applications with clarity and confidence. We deliver in-depth insights on trending apps, entertainment platforms, and emerging technologies\u2014alongside regularly updated reviews, comparisons, and user-focused guides designed to help you make smarter digital choices. In a fast-evolving tech landscape, it\u2019s easy to feel [&hellip;]\" \/>\n<meta property=\"og:url\" content=\"https:\/\/betherz.com\/fr\/about-us\/\" \/>\n<meta property=\"og:site_name\" content=\"Betherz\" \/>\n<meta property=\"article:modified_time\" content=\"2025-10-08T18:57:02+00:00\" \/>\n<meta name=\"twitter:card\" content=\"summary_large_image\" \/>\n<meta name=\"twitter:label1\" content=\"Est. reading time\" \/>\n\t<meta name=\"twitter:data1\" content=\"2 minutes\" \/>\n<script type=\"application\/ld+json\" class=\"yoast-schema-graph\">{\"@context\":\"https:\/\/schema.org\",\"@graph\":[{\"@type\":\"WebPage\",\"@id\":\"https:\/\/betherz.com\/about-us\/\",\"url\":\"https:\/\/betherz.com\/about-us\/\",\"name\":\"About Us - Betherz\",\"isPartOf\":{\"@id\":\"https:\/\/betherz.com\/#website\"},\"datePublished\":\"2025-10-08T18:56:13+00:00\",\"dateModified\":\"2025-10-08T18:57:02+00:00\",\"breadcrumb\":{\"@id\":\"https:\/\/betherz.com\/about-us\/#breadcrumb\"},\"inLanguage\":\"fr-FR\",\"potentialAction\":[{\"@type\":\"ReadAction\",\"target\":[\"https:\/\/betherz.com\/about-us\/\"]}]},{\"@type\":\"BreadcrumbList\",\"@id\":\"https:\/\/betherz.com\/about-us\/#breadcrumb\",\"itemListElement\":[{\"@type\":\"ListItem\",\"position\":1,\"name\":\"Home\",\"item\":\"https:\/\/betherz.com\/\"},{\"@type\":\"ListItem\",\"position\":2,\"name\":\"About Us\"}]},{\"@type\":\"WebSite\",\"@id\":\"https:\/\/betherz.com\/#website\",\"url\":\"https:\/\/betherz.com\/\",\"name\":\"Betherz\",\"description\":\"\",\"publisher\":{\"@id\":\"https:\/\/betherz.com\/#organization\"},\"potentialAction\":[{\"@type\":\"SearchAction\",\"target\":{\"@type\":\"EntryPoint\",\"urlTemplate\":\"https:\/\/betherz.com\/?s={search_term_string}\"},\"query-input\":\"required name=search_term_string\"}],\"inLanguage\":\"fr-FR\"},{\"@type\":\"Organization\",\"@id\":\"https:\/\/betherz.com\/#organization\",\"name\":\"Betherz\",\"url\":\"https:\/\/betherz.com\/\",\"logo\":{\"@type\":\"ImageObject\",\"inLanguage\":\"fr-FR\",\"@id\":\"https:\/\/betherz.com\/#\/schema\/logo\/image\/\",\"url\":\"https:\/\/betherz.com\/wp-content\/uploads\/sites\/579\/2025\/10\/cropped-ChatGPT-Image-8-de-out.-de-2025-16_06_26-1.png\",\"contentUrl\":\"https:\/\/betherz.com\/wp-content\/uploads\/sites\/579\/2025\/10\/cropped-ChatGPT-Image-8-de-out.-de-2025-16_06_26-1.png\",\"width\":1024,\"height\":1024,\"caption\":\"Betherz\"},\"image\":{\"@id\":\"https:\/\/betherz.com\/#\/schema\/logo\/image\/\"}}]}<\/script>\n<!-- \/ Yoast SEO plugin. -->","yoast_head_json":{"title":"About Us - Betherz","robots":{"index":"index","follow":"follow","max-snippet":"max-snippet:-1","max-image-preview":"max-image-preview:large","max-video-preview":"max-video-preview:-1"},"canonical":"https:\/\/betherz.com\/fr\/about-us\/","og_locale":"fr_FR","og_type":"article","og_title":"About Us - Betherz","og_description":"Betherz is your go-to destination for discovering the world of digital entertainment and mobile applications with clarity and confidence. We deliver in-depth insights on trending apps, entertainment platforms, and emerging technologies\u2014alongside regularly updated reviews, comparisons, and user-focused guides designed to help you make smarter digital choices. In a fast-evolving tech landscape, it\u2019s easy to feel [&hellip;]","og_url":"https:\/\/betherz.com\/fr\/about-us\/","og_site_name":"Betherz","article_modified_time":"2025-10-08T18:57:02+00:00","twitter_card":"summary_large_image","twitter_misc":{"Est. reading time":"2 minutes"},"schema":{"@context":"https:\/\/schema.org","@graph":[{"@type":"WebPage","@id":"https:\/\/betherz.com\/about-us\/","url":"https:\/\/betherz.com\/about-us\/","name":"About Us - Betherz","isPartOf":{"@id":"https:\/\/betherz.com\/#website"},"datePublished":"2025-10-08T18:56:13+00:00","dateModified":"2025-10-08T18:57:02+00:00","breadcrumb":{"@id":"https:\/\/betherz.com\/about-us\/#breadcrumb"},"inLanguage":"fr-FR","potentialAction":[{"@type":"ReadAction","target":["https:\/\/betherz.com\/about-us\/"]}]},{"@type":"BreadcrumbList","@id":"https:\/\/betherz.com\/about-us\/#breadcrumb","itemListElement":[{"@type":"ListItem","position":1,"name":"Home","item":"https:\/\/betherz.com\/"},{"@type":"ListItem","position":2,"name":"About Us"}]},{"@type":"WebSite","@id":"https:\/\/betherz.com\/#website","url":"https:\/\/betherz.com\/","name":"Betherz","description":"","publisher":{"@id":"https:\/\/betherz.com\/#organization"},"potentialAction":[{"@type":"SearchAction","target":{"@type":"EntryPoint","urlTemplate":"https:\/\/betherz.com\/?s={search_term_string}"},"query-input":"required name=search_term_string"}],"inLanguage":"fr-FR"},{"@type":"Organization","@id":"https:\/\/betherz.com\/#organization","name":"Betherz","url":"https:\/\/betherz.com\/","logo":{"@type":"ImageObject","inLanguage":"fr-FR","@id":"https:\/\/betherz.com\/#\/schema\/logo\/image\/","url":"https:\/\/betherz.com\/wp-content\/uploads\/sites\/579\/2025\/10\/cropped-ChatGPT-Image-8-de-out.-de-2025-16_06_26-1.png","contentUrl":"https:\/\/betherz.com\/wp-content\/uploads\/sites\/579\/2025\/10\/cropped-ChatGPT-Image-8-de-out.-de-2025-16_06_26-1.png","width":1024,"height":1024,"caption":"Betherz"},"image":{"@id":"https:\/\/betherz.com\/#\/schema\/logo\/image\/"}}]}},"_links":{"self":[{"href":"https:\/\/betherz.com\/fr\/wp-json\/wp\/v2\/pages\/10"}],"collection":[{"href":"https:\/\/betherz.com\/fr\/wp-json\/wp\/v2\/pages"}],"about":[{"href":"https:\/\/betherz.com\/fr\/wp-json\/wp\/v2\/types\/page"}],"author":[{"embeddable":true,"href":"https:\/\/betherz.com\/fr\/wp-json\/wp\/v2\/users\/6"}],"replies":[{"embeddable":true,"href":"https:\/\/betherz.com\/fr\/wp-json\/wp\/v2\/comments?post=10"}],"version-history":[{"count":2,"href":"https:\/\/betherz.com\/fr\/wp-json\/wp\/v2\/pages\/10\/revisions"}],"predecessor-version":[{"id":16,"href":"https:\/\/betherz.com\/fr\/wp-json\/wp\/v2\/pages\/10\/revisions\/16"}],"wp:attachment":[{"href":"https:\/\/betherz.com\/fr\/wp-json\/wp\/v2\/media?parent=10"}],"curies":[{"name":"wp","href":"https:\/\/api.w.org\/{rel}","templated":true}]}}